{"id":270,"date":"2021-08-04T03:45:40","date_gmt":"2021-08-04T03:45:40","guid":{"rendered":"https:\/\/razak.utm.my\/icssa2022\/?page_id=270"},"modified":"2022-05-20T03:39:34","modified_gmt":"2022-05-20T03:39:34","slug":"tpc-members","status":"publish","type":"page","link":"https:\/\/razak.utm.my\/icssa2022\/tpc-members\/","title":{"rendered":"TPC MEMBERS"},"content":{"rendered":"<p>[et_pb_section fb_built=&#8221;1&#8243; custom_padding_last_edited=&#8221;on|phone&#8221; admin_label=&#8221;Hero&#8221; _builder_version=&#8221;4.16&#8243; use_background_color_gradient=&#8221;on&#8221; background_color_gradient_stops=&#8221;rgba(49,128,192,0.2) 0%|rgba(49,128,192,0.6) 100%&#8221; background_color_gradient_overlays_image=&#8221;on&#8221; background_color_gradient_start=&#8221;rgba(49,128,192,0.2)&#8221; background_color_gradient_end=&#8221;rgba(49,128,192,0.6)&#8221; background_image=&#8221;https:\/\/razak.utm.my\/icssa2022\/wp-content\/uploads\/sites\/303\/2021\/08\/web-background-copy.jpg&#8221; custom_margin=&#8221;|5vw||&#8221; custom_padding=&#8221;0vw||0vw||true|false&#8221; custom_padding_tablet=&#8221;100px||100px|&#8221; custom_padding_phone=&#8221;|||&#8221; animation_style=&#8221;slide&#8221; animation_direction=&#8221;left&#8221; animation_intensity_slide=&#8221;5%&#8221; border_radii=&#8221;|||30vw|&#8221; border_color_all=&#8221;#0ee1f4&#8243; border_width_right=&#8221;2vw&#8221; box_shadow_style=&#8221;preset4&#8243; box_shadow_horizontal=&#8221;20px&#8221; box_shadow_vertical=&#8221;0px&#8221; box_shadow_color=&#8221;rgba(14,225,244,0.33)&#8221; locked=&#8221;off&#8221; global_colors_info=&#8221;{}&#8221;][et_pb_row _builder_version=&#8221;4.16&#8243; custom_padding=&#8221;0|0px|27px|0px&#8221; global_colors_info=&#8221;{}&#8221;][et_pb_column type=&#8221;4_4&#8243; _builder_version=&#8221;4.16&#8243; custom_padding=&#8221;|||&#8221; global_colors_info=&#8221;{}&#8221; custom_padding__hover=&#8221;|||&#8221;][et_pb_image src=&#8221;https:\/\/razak.utm.my\/icssa2022\/wp-content\/uploads\/sites\/303\/2021\/07\/ICSSA-web-copy-1.png&#8221; align=&#8221;center&#8221; _builder_version=&#8221;4.16&#8243; background_enable_color=&#8221;off&#8221; min_height=&#8221;195px&#8221; custom_padding=&#8221;49px|||||&#8221; always_center_on_mobile=&#8221;off&#8221; locked=&#8221;off&#8221; global_colors_info=&#8221;{}&#8221;][\/et_pb_image][et_pb_image src=&#8221;https:\/\/razak.utm.my\/icssa2022\/wp-content\/uploads\/sites\/303\/2021\/08\/web-logo-copy-A.png&#8221; align=&#8221;center&#8221; _builder_version=&#8221;4.16&#8243; background_color=&#8221;rgba(255,255,255,0.32)&#8221; custom_margin=&#8221;||||false|false&#8221; custom_padding=&#8221;||||false|false&#8221; border_style_all=&#8221;dashed&#8221; box_shadow_style=&#8221;preset1&#8243; global_colors_info=&#8221;{}&#8221;][\/et_pb_image][et_pb_text admin_label=&#8221;Text&#8221; _builder_version=&#8221;4.17.4&#8243; text_font=&#8221;Montserrat|300|||||||&#8221; text_font_size=&#8221;22px&#8221; text_line_height=&#8221;1.8em&#8221; ul_font=&#8221;||||||||&#8221; header_font=&#8221;Montserrat|500|||||||&#8221; header_font_size=&#8221;5vw&#8221; header_line_height=&#8221;1.2em&#8221; header_2_font=&#8221;|||on|||||&#8221; text_orientation=&#8221;center&#8221; background_layout=&#8221;dark&#8221; module_alignment=&#8221;center&#8221; hover_enabled=&#8221;0&#8243; text_line_height_tablet=&#8221;2em&#8221; text_line_height_phone=&#8221;2em&#8221; text_line_height_last_edited=&#8221;off|desktop&#8221; header_font_size_tablet=&#8221;40px&#8221; header_font_size_phone=&#8221;&#8221; header_font_size_last_edited=&#8221;on|tablet&#8221; header_line_height_tablet=&#8221;1.2em&#8221; header_line_height_phone=&#8221;1.1em&#8221; header_line_height_last_edited=&#8221;on|phone&#8221; header_text_shadow_style=&#8221;preset3&#8243; header_text_shadow_color=&#8221;rgba(0,0,0,0.06)&#8221; global_colors_info=&#8221;{}&#8221; sticky_enabled=&#8221;0&#8243;]<\/p>\n<h2>4th International Conference on Smart Sensors and Application<\/h2>\n<p>Digitalization for Societal Well-Being<br \/><strong>26-28th July 2022<\/strong><br \/><strong>TAMU Hotel &amp; Suites, Kuala Lumpur<\/strong><\/p>\n<p>[\/et_pb_text][\/et_pb_column][\/et_pb_row][\/et_pb_section][et_pb_section fb_built=&#8221;1&#8243; custom_padding_last_edited=&#8221;on|phone&#8221; next_background_color=&#8221;#000000&#8243; admin_label=&#8221;Testimonial&#8221; _builder_version=&#8221;4.16&#8243; background_enable_color=&#8221;off&#8221; background_enable_image=&#8221;off&#8221; background_size=&#8221;initial&#8221; background_position=&#8221;bottom_right&#8221; custom_padding=&#8221;50px|0|61px|0px|false|false&#8221; custom_padding_tablet=&#8221;100px||100px|&#8221; custom_padding_phone=&#8221;&#8221; bottom_divider_style=&#8221;waves2&#8243; bottom_divider_repeat=&#8221;0.2x&#8221; bottom_divider_flip=&#8221;horizontal&#8221; global_colors_info=&#8221;{}&#8221;][et_pb_row _builder_version=&#8221;4.16&#8243; custom_padding=&#8221;0|0px|2px|0px&#8221; global_colors_info=&#8221;{}&#8221;][et_pb_column type=&#8221;4_4&#8243; _builder_version=&#8221;4.16&#8243; custom_padding=&#8221;|||&#8221; global_colors_info=&#8221;{}&#8221; custom_padding__hover=&#8221;|||&#8221;][et_pb_post_title meta=&#8221;off&#8221; featured_image=&#8221;off&#8221; _builder_version=&#8221;4.16&#8243; global_colors_info=&#8221;{}&#8221;][\/et_pb_post_title][et_pb_text _builder_version=&#8221;4.16&#8243; _module_preset=&#8221;default&#8221; global_colors_info=&#8221;{}&#8221;]<\/p>\n<p>Come and join us as a reviewer for ICSSA 2022!<\/p>\n<p>Benefits:<br \/>\u23f3Reduce 25% of the professional registration fee rate. Applicable to papers as 1st author or corresponding author ONLY. Maximum for submission of 2 papers only. Registration and payments must be made under the reviewer&#8217;s name. OR<br \/>\u23f3Submission of 5 papers of early bird payment with reviewer\u2019s name in ALL 5 papers will eligible for 1 paper FREE and appointment as Invited Speaker.<br \/>\u23f3E-certificate as a token of appreciation.<\/p>\n<p><em>These terms apply to you from the date of publishing until these terms are superseded by a new version.<\/em><\/p>\n<p>[\/et_pb_text][et_pb_text _builder_version=&#8221;4.16&#8243; _module_preset=&#8221;default&#8221; custom_padding=&#8221;0px|||||&#8221; animation_style=&#8221;flip&#8221; border_width_all=&#8221;1px&#8221; border_style_all=&#8221;groove&#8221; box_shadow_style=&#8221;preset2&#8243; global_colors_info=&#8221;{}&#8221;]<\/p>\n<table>\n<tbody>\n<tr>\n<td style=\"background-color: #4fa6d0\"><span style=\"color: #ffffff\"><strong>Name<\/strong><\/span><\/td>\n<td style=\"background-color: #4fa6d0\"><span style=\"color: #ffffff\"><strong>Affiliation<\/strong><\/span><\/td>\n<td style=\"background-color: #4fa6d0\"><span style=\"color: #ffffff\"><strong>Email<\/strong><\/span><\/td>\n<\/tr>\n<tr>\n<td style=\"background-color: #edf2f4\"><strong>Prof. Mohammad Faiz Liew Abdullah<\/strong><\/td>\n<td style=\"background-color: #edf2f4\">Universiti Tun Hussein Onn Malaysia (UTHM)<\/td>\n<td style=\"background-color: #edf2f4\">faiz@uthm.edu.my<\/td>\n<\/tr>\n<tr>\n<td style=\"background-color: #edf2f4\"><strong>Mr. Iwan Adhicandra<\/strong><\/td>\n<td style=\"background-color: #edf2f4\">University of Sydney<\/td>\n<td style=\"background-color: #edf2f4\">iwan.adhicandra@ieee.org<\/td>\n<\/tr>\n<tr>\n<td style=\"background-color: #edf2f4\"><strong>Mr. Boon Chong Ang<\/strong><\/td>\n<td style=\"background-color: #edf2f4\">Intel<\/td>\n<td style=\"background-color: #edf2f4\">boon.chong.ang@intel.com<\/td>\n<\/tr>\n<tr>\n<td style=\"background-color: #edf2f4\"><strong>Mr. Azizul Azizan<\/strong><\/td>\n<td style=\"background-color: #edf2f4\">Universiti Teknologi Malaysia (UTM)<\/td>\n<td style=\"background-color: #edf2f4\">azizulazizan@utm.my<\/td>\n<\/tr>\n<tr>\n<td style=\"background-color: #edf2f4\"><strong>Prof. Eduard Babulak<\/strong><\/td>\n<td style=\"background-color: #edf2f4\">Liberty University<\/td>\n<td style=\"background-color: #edf2f4\">babulak@yahoo.com<\/td>\n<\/tr>\n<tr>\n<td style=\"background-color: #edf2f4\"><strong>Dr. Nurul Aini Bani<\/strong><\/td>\n<td style=\"background-color: #edf2f4\">Universiti Teknologi Malaysia<\/td>\n<td style=\"background-color: #edf2f4\">nurulaini.kl@utm.my<\/td>\n<\/tr>\n<tr>\n<td style=\"background-color: #edf2f4\"><strong>Dr. Subhasis Bhattacharjee<\/strong><\/td>\n<td style=\"background-color: #edf2f4\">Adobe Systems India Private Limited<\/td>\n<td style=\"background-color: #edf2f4\">subhasis18@gmail.com<\/td>\n<\/tr>\n<tr>\n<td style=\"background-color: #edf2f4\"><strong>Dr. Aniruddha Bhattacharjya<\/strong><\/td>\n<td style=\"background-color: #edf2f4\">Tsinghua University<\/td>\n<td style=\"background-color: #edf2f4\">li-an15@tsinghua.org.cn<\/td>\n<\/tr>\n<tr>\n<td style=\"background-color: #edf2f4\"><strong>Prof. Sergey Biryuchinskiy<\/strong><\/td>\n<td style=\"background-color: #edf2f4\">Vigitek, Inc.<\/td>\n<td style=\"background-color: #edf2f4\">sbiruchinsky@optica4d.com<\/td>\n<\/tr>\n<tr>\n<td style=\"background-color: #edf2f4\"><strong>Dr. Chinmay Chakraborty<\/strong><\/td>\n<td style=\"background-color: #edf2f4\">Birla Institute of Technology, Mesra<\/td>\n<td style=\"background-color: #edf2f4\">chinmay.chakraborty@gmail.com<\/td>\n<\/tr>\n<tr>\n<td style=\"background-color: #edf2f4\"><strong>Dr. Donyau Chiang<\/strong><\/td>\n<td style=\"background-color: #edf2f4\">Taiwan Instrument Research Institute<\/td>\n<td style=\"background-color: #edf2f4\">dony@itrc.narl.org.tw<\/td>\n<\/tr>\n<tr>\n<td style=\"background-color: #edf2f4\"><strong>Dr. Cheng-Hsin Chuang<\/strong><\/td>\n<td style=\"background-color: #edf2f4\">National Sun Yat-sen University<\/td>\n<td style=\"background-color: #edf2f4\">chchuang@imst.nsysu.edu.tw<\/td>\n<\/tr>\n<tr>\n<td style=\"background-color: #edf2f4\"><strong>Dr. Pablo Corral<\/strong><\/td>\n<td style=\"background-color: #edf2f4\">Universidad Miguel Hernandez de Elche<\/td>\n<td style=\"background-color: #edf2f4\">pcorral@umh.es<\/td>\n<\/tr>\n<tr>\n<td style=\"background-color: #edf2f4\"><strong>Prof. George Dekoulis<\/strong><\/td>\n<td style=\"background-color: #edf2f4\">American University of Cyprus (AUCY)<\/td>\n<td style=\"background-color: #edf2f4\">george.dekoulis@aucy.ac.cy<\/td>\n<\/tr>\n<tr>\n<td style=\"background-color: #edf2f4\"><strong>Prof. Ahmed El Oualkadi<\/strong><\/td>\n<td style=\"background-color: #edf2f4\">Abdelmalek Essaadi University<\/td>\n<td style=\"background-color: #edf2f4\">eloualkadi@gmail.com<\/td>\n<\/tr>\n<tr>\n<td style=\"background-color: #edf2f4\"><strong>Dr. Soheli Farhana<\/strong><\/td>\n<td style=\"background-color: #edf2f4\">Harvard University<\/td>\n<td style=\"background-color: #edf2f4\">farhanas@ieee.org<\/td>\n<\/tr>\n<tr>\n<td style=\"background-color: #edf2f4\"><strong>Prof. Anton Fuchs<\/strong><\/td>\n<td style=\"background-color: #edf2f4\">Virtual Vehicle<\/td>\n<td style=\"background-color: #edf2f4\">anton.fuchs@v2c2.at<\/td>\n<\/tr>\n<tr>\n<td style=\"background-color: #edf2f4\"><strong>Dr. Siamack Ghadimi<\/strong><\/td>\n<td style=\"background-color: #edf2f4\">Lund University LTH<\/td>\n<td style=\"background-color: #edf2f4\">siamack.ghadimi@gmail.com<\/td>\n<\/tr>\n<tr>\n<td style=\"background-color: #edf2f4\"><strong>Dr. Visvasuresh Victor Govindaswamy<\/strong><\/td>\n<td style=\"background-color: #edf2f4\">Concordia University<\/td>\n<td style=\"background-color: #edf2f4\">lovebat814@yahoo.com<\/td>\n<\/tr>\n<tr>\n<td style=\"background-color: #edf2f4\"><strong>Dr. Annisa Jamali<\/strong><\/td>\n<td style=\"background-color: #edf2f4\">UNIMAS<\/td>\n<td style=\"background-color: #edf2f4\">annisajamali@gmail.com<\/td>\n<\/tr>\n<tr>\n<td style=\"background-color: #edf2f4\"><strong>Dr. Shreenivas Jog<\/strong><\/td>\n<td style=\"background-color: #edf2f4\">Savitribai Phule of Pune University<\/td>\n<td style=\"background-color: #edf2f4\">srjog_etc@rediffmail.com<\/td>\n<\/tr>\n<tr>\n<td style=\"background-color: #edf2f4\"><strong>Prof. Mohammed Kaabar<\/strong><\/td>\n<td style=\"background-color: #edf2f4\">Washington State University<\/td>\n<td style=\"background-color: #edf2f4\">mohammedkaabar@gmail.com<\/td>\n<\/tr>\n<tr>\n<td style=\"background-color: #edf2f4\"><strong>Dr. Ahmed Kawther<\/strong><\/td>\n<td style=\"background-color: #edf2f4\">Mustansiriyah Universtiy<\/td>\n<td style=\"background-color: #edf2f4\">ahmedkawther81@gmail.com<\/td>\n<\/tr>\n<tr>\n<td style=\"background-color: #edf2f4\"><strong>Mr. Hammad Khan<\/strong><\/td>\n<td style=\"background-color: #edf2f4\">CESAT<\/td>\n<td style=\"background-color: #edf2f4\">khammad88@gmail.com<\/td>\n<\/tr>\n<tr>\n<td style=\"background-color: #edf2f4\"><strong>Dr. Dragana Krsti\u0107<\/strong><\/td>\n<td style=\"background-color: #edf2f4\">Faculty of Electronic Engineering, University of Ni\u0161<\/td>\n<td style=\"background-color: #edf2f4\">dragana.krstic_elfak_ni@yahoo.com<\/td>\n<\/tr>\n<tr>\n<td style=\"background-color: #edf2f4\"><strong>Prof. Pascal Lorenz<\/strong><\/td>\n<td style=\"background-color: #edf2f4\">University of Haute Alsace<\/td>\n<td style=\"background-color: #edf2f4\">pascal.lorenz@uha.fr<\/td>\n<\/tr>\n<tr>\n<td style=\"background-color: #edf2f4\"><strong>Dr. Pritheega Magalingam<\/strong><\/td>\n<td style=\"background-color: #edf2f4\">Universiti Teknologi Malaysia<\/td>\n<td style=\"background-color: #edf2f4\">mpritheega.kl@utm.my<\/td>\n<\/tr>\n<tr>\n<td style=\"background-color: #edf2f4\"><strong>Dr. TC Manjunath<\/strong><\/td>\n<td style=\"background-color: #edf2f4\">Dayananda Sagar College of Engineering, Bangalore, Karnataka<\/td>\n<td style=\"background-color: #edf2f4\">tcmanjunath@gmail.com<\/td>\n<\/tr>\n<tr>\n<td style=\"background-color: #edf2f4\"><strong>Dr. Nikhil Marriwala<\/strong><\/td>\n<td style=\"background-color: #edf2f4\">Kurukshetra University<\/td>\n<td style=\"background-color: #edf2f4\">nikhilmarriwala@gmail.com<\/td>\n<\/tr>\n<tr>\n<td style=\"background-color: #edf2f4\"><strong>Prof. Zah\u00e9ra Mekkioui<\/strong><\/td>\n<td style=\"background-color: #edf2f4\">University of tlemcen<\/td>\n<td style=\"background-color: #edf2f4\">z_mekkioui@yahoo.fr<\/td>\n<\/tr>\n<tr>\n<td style=\"background-color: #edf2f4\"><strong>Dr. Imran Mohd Ibrahim<\/strong><\/td>\n<td style=\"background-color: #edf2f4\">Universiti Teknikal Malaysia Melaka<\/td>\n<td style=\"background-color: #edf2f4\">imranibrahim@utem.edu.my<\/td>\n<\/tr>\n<tr>\n<td style=\"background-color: #edf2f4\"><strong>Mr. Mohd Ismifaizul Mohd Ismail<\/strong><\/td>\n<td style=\"background-color: #edf2f4\">Universiti Teknologi Malaysia (UTM)<\/td>\n<td style=\"background-color: #edf2f4\">ismifaizul@gmail.com<\/td>\n<\/tr>\n<tr>\n<td style=\"background-color: #edf2f4\"><strong>Dr. Mat Nawi<\/strong><\/td>\n<td style=\"background-color: #edf2f4\">Universiti Pendidikan Sultan Idris<\/td>\n<td style=\"background-color: #edf2f4\">norzaidi@fsmt.upsi.edu.my<\/td>\n<\/tr>\n<tr>\n<td style=\"background-color: #edf2f4\"><strong>Mr. \u00d6zg\u00fcr \u00d6zdemir<\/strong><\/td>\n<td style=\"background-color: #edf2f4\">Konya Technical University<\/td>\n<td style=\"background-color: #edf2f4\">oozdemir@ktun.edu.tr<\/td>\n<\/tr>\n<tr>\n<td style=\"background-color: #edf2f4\"><strong>Mr. Vincenzo Piuri<\/strong><\/td>\n<td style=\"background-color: #edf2f4\">Universit\u00e0 degli Studi di Milano<\/td>\n<td style=\"background-color: #edf2f4\">vincenzo.piuri@unimi.it<\/td>\n<\/tr>\n<tr>\n<td style=\"background-color: #edf2f4\"><strong>Dr. Ali Rafiei<\/strong><\/td>\n<td style=\"background-color: #edf2f4\">University of Technology Sydney<\/td>\n<td style=\"background-color: #edf2f4\">ali.rafiei@gmail.com<\/td>\n<\/tr>\n<tr>\n<td style=\"background-color: #edf2f4\"><strong>Dr. Yusnita Rahayu<\/strong><\/td>\n<td style=\"background-color: #edf2f4\">Universitas Riau<\/td>\n<td style=\"background-color: #edf2f4\">yusnita.rahayu@lecturer.unri.ac.id<\/td>\n<\/tr>\n<tr>\n<td style=\"background-color: #edf2f4\"><strong>Dr. Piotr Remlein<\/strong><\/td>\n<td style=\"background-color: #edf2f4\">Poznan University of Technology<\/td>\n<td style=\"background-color: #edf2f4\">remlein@et.put.poznan.pl<\/td>\n<\/tr>\n<tr>\n<td style=\"background-color: #edf2f4\"><strong>Dr. Abdalhossein Rezai<\/strong><\/td>\n<td style=\"background-color: #edf2f4\">University of Science and Culture<\/td>\n<td style=\"background-color: #edf2f4\">rezai@usc.ac.ir<\/td>\n<\/tr>\n<tr>\n<td style=\"background-color: #edf2f4\"><strong>Dr. Yassine Salih-Alj<\/strong><\/td>\n<td style=\"background-color: #edf2f4\">Al Akhawayn University<\/td>\n<td style=\"background-color: #edf2f4\">Y.SalihAlj@aui.ma<\/td>\n<\/tr>\n<tr>\n<td style=\"background-color: #edf2f4\"><strong>Prof. Khalil Sayidmarie<\/strong><\/td>\n<td style=\"background-color: #edf2f4\">Ninevah University<\/td>\n<td style=\"background-color: #edf2f4\">kh.sayidmarie@gmail.com<\/td>\n<\/tr>\n<tr>\n<td style=\"background-color: #edf2f4\"><strong>Dr. Mohammad Khaja Shaik<\/strong><\/td>\n<td style=\"background-color: #edf2f4\">St. Ann&#8217;s College of Engineering and Technology Chirala AP India<\/td>\n<td style=\"background-color: #edf2f4\">aimlkhaja@gmail.com<\/td>\n<\/tr>\n<tr>\n<td style=\"background-color: #edf2f4\"><strong>Mr. Preecha Somwang<\/strong><\/td>\n<td style=\"background-color: #edf2f4\">Rajamangala University of Technology Isan<\/td>\n<td style=\"background-color: #edf2f4\">preechak@nmc.ac.th<\/td>\n<\/tr>\n<tr>\n<td style=\"background-color: #edf2f4\"><strong>Dr. Otavio Teixeira<\/strong><\/td>\n<td style=\"background-color: #edf2f4\">Universidade Federal Do Par\u00e1 (UFPA)<\/td>\n<td style=\"background-color: #edf2f4\">onoura@gmail.com<\/td>\n<\/tr>\n<tr>\n<td style=\"background-color: #edf2f4\"><strong>Dr. Alessandro Testa<\/strong><\/td>\n<td style=\"background-color: #edf2f4\">Ministry Of Economy and Finance<\/td>\n<td style=\"background-color: #edf2f4\">a.testa@unina.it<\/td>\n<\/tr>\n<tr>\n<td style=\"background-color: #edf2f4\"><strong>Prof. Ming-Fong Tsai<\/strong><\/td>\n<td style=\"background-color: #edf2f4\">National United University<\/td>\n<td style=\"background-color: #edf2f4\">mingfongtsai@gmail.com<\/td>\n<\/tr>\n<tr>\n<td style=\"background-color: #edf2f4\"><strong>Dr. Masood Ur-Rehman<\/strong><\/td>\n<td style=\"background-color: #edf2f4\">University Of Glasgow<\/td>\n<td style=\"background-color: #edf2f4\">masood.urrehman@glasgow.ac.uk<\/td>\n<\/tr>\n<tr>\n<td style=\"background-color: #edf2f4\"><strong>Prof. Panagiotis Varzakas<\/strong><\/td>\n<td style=\"background-color: #edf2f4\">University Of Thessaly<\/td>\n<td style=\"background-color: #edf2f4\">pvarzakas@teilam.gr<\/td>\n<\/tr>\n<tr>\n<td style=\"background-color: #edf2f4\"><strong>Prof. Matthias Vodel<\/strong><\/td>\n<td style=\"background-color: #edf2f4\">University Of Applied Sciences Mittweida<\/td>\n<td style=\"background-color: #edf2f4\">mail@vodel.de<\/td>\n<\/tr>\n<tr>\n<td style=\"background-color: #edf2f4\"><strong>Dr. Hiroo Wakaumi<\/strong><\/td>\n<td style=\"background-color: #edf2f4\">Tokyo Metropolitan College of Industrial Technology<\/td>\n<td style=\"background-color: #edf2f4\">waka781420j@ab.auone-net.jp<\/td>\n<\/tr>\n<tr>\n<td style=\"background-color: #edf2f4\"><strong>Dr. Kwok Shien Yeo<\/strong><\/td>\n<td style=\"background-color: #edf2f4\">Tunku Abdul Rahman University College<\/td>\n<td style=\"background-color: #edf2f4\">yeoks@tarc.edu.my<\/td>\n<\/tr>\n<tr>\n<td style=\"background-color: #edf2f4\"><strong>Dr. Aws Yonis<\/strong><\/td>\n<td style=\"background-color: #edf2f4\">Ninevah University<\/td>\n<td style=\"background-color: #edf2f4\">awszuher@gmail.com<\/td>\n<\/tr>\n<tr>\n<td style=\"background-color: #edf2f4\"><strong>Mr. Husain Zaidan<\/strong><\/td>\n<td style=\"background-color: #edf2f4\">Universiti Teknologi Malaysia<\/td>\n<td style=\"background-color: #edf2f4\">husainzaidan@gmail.com<\/td>\n<\/tr>\n<\/tbody>\n<\/table>\n<p>[\/et_pb_text][et_pb_text _builder_version=&#8221;4.16&#8243; global_colors_info=&#8221;{}&#8221;][\/et_pb_text][\/et_pb_column][\/et_pb_row][\/et_pb_section]<\/p>\n","protected":false},"excerpt":{"rendered":"<p>4th International Conference on Smart Sensors and Application Digitalization for Societal Well-Being26-28th July 2022TAMU Hotel &amp; Suites, Kuala LumpurCome and join us as a reviewer for ICSSA 2022! Benefits:\u23f3Reduce 25% of the professional registration fee rate. Applicable to papers as 1st author or corresponding author ONLY. Maximum for submission of 2 papers only. Registration and [&hellip;]<\/p>\n","protected":false},"author":108,"featured_media":0,"parent":0,"menu_order":0,"comment_status":"closed","ping_status":"closed","template":"","meta":{"_et_pb_use_builder":"on","_et_pb_old_content":"","_et_gb_content_width":"","footnotes":""},"class_list":["post-270","page","type-page","status-publish","hentry"],"_links":{"self":[{"href":"https:\/\/razak.utm.my\/icssa2022\/wp-json\/wp\/v2\/pages\/270","targetHints":{"allow":["GET"]}}],"collection":[{"href":"https:\/\/razak.utm.my\/icssa2022\/wp-json\/wp\/v2\/pages"}],"about":[{"href":"https:\/\/razak.utm.my\/icssa2022\/wp-json\/wp\/v2\/types\/page"}],"author":[{"embeddable":true,"href":"https:\/\/razak.utm.my\/icssa2022\/wp-json\/wp\/v2\/users\/108"}],"replies":[{"embeddable":true,"href":"https:\/\/razak.utm.my\/icssa2022\/wp-json\/wp\/v2\/comments?post=270"}],"version-history":[{"count":0,"href":"https:\/\/razak.utm.my\/icssa2022\/wp-json\/wp\/v2\/pages\/270\/revisions"}],"wp:attachment":[{"href":"https:\/\/razak.utm.my\/icssa2022\/wp-json\/wp\/v2\/media?parent=270"}],"curies":[{"name":"wp","href":"https:\/\/api.w.org\/{rel}","templated":true}]}}